{"id":503,"date":"2021-08-20T11:39:52","date_gmt":"2021-08-20T09:39:52","guid":{"rendered":"http:\/\/www.radziejowskidomkultury.pl\/?page_id=503"},"modified":"2026-02-20T11:54:43","modified_gmt":"2026-02-20T10:54:43","slug":"realizowane-projekty-z-ue","status":"publish","type":"page","link":"http:\/\/www.radziejowskidomkultury.pl\/index.php\/realizowane-projekty-z-ue\/","title":{"rendered":"Realizowane projekty"},"content":{"rendered":"\n<figure class=\"wp-block-image size-large\"><img loading=\"lazy\" decoding=\"async\" width=\"1024\" height=\"164\" src=\"http:\/\/www.radziejowskidomkultury.pl\/wp-content\/uploads\/2026\/02\/csm_FE_RP_UE_ogolna_kolor_poziom_3e58521b60-1024x164.webp\" alt=\"\" class=\"wp-image-1737\" srcset=\"http:\/\/www.radziejowskidomkultury.pl\/wp-content\/uploads\/2026\/02\/csm_FE_RP_UE_ogolna_kolor_poziom_3e58521b60-1024x164.webp 1024w, http:\/\/www.radziejowskidomkultury.pl\/wp-content\/uploads\/2026\/02\/csm_FE_RP_UE_ogolna_kolor_poziom_3e58521b60-300x48.webp 300w, http:\/\/www.radziejowskidomkultury.pl\/wp-content\/uploads\/2026\/02\/csm_FE_RP_UE_ogolna_kolor_poziom_3e58521b60-768x123.webp 768w, http:\/\/www.radziejowskidomkultury.pl\/wp-content\/uploads\/2026\/02\/csm_FE_RP_UE_ogolna_kolor_poziom_3e58521b60-1536x246.webp 1536w, http:\/\/www.radziejowskidomkultury.pl\/wp-content\/uploads\/2026\/02\/csm_FE_RP_UE_ogolna_kolor_poziom_3e58521b60.webp 1920w\" sizes=\"auto, (max-width: 1024px) 100vw, 1024px\" \/><\/figure>\n\n\n\n<p>Radziejowski Dom Kultury realizuje projekt: Klub M\u0142odzie\u017cowy &#8222;Kreatywni &#8211; Wybitni&#8221; dofinansowany ze \u015brodk\u00f3w Funduszy Europejskich dla Kujaw i Pomorza 2021-2027 w terminie 01.06.2025 &#8211; 30.09.2026r<\/p>\n\n\n\n<p>Dofinansowanie projektu ze \u015brodk\u00f3w UE: 100 000 z\u0142. Ca\u0142kowity koszt projektu: 105 650 z\u0142.<\/p>\n\n\n\n<p>W ramach realizacji Klubu M\u0142odzie\u017cowego b\u0119d\u0105 realizowane nast\u0119puj\u0105ce zaj\u0119cia: warsztaty ceramiczne, warsztaty teatralno &#8211; filmowe, warsztaty i zaj\u0119cia z zakresu strzelectwa, warsztaty garncarskie, warsztaty filmowo &#8211; fotograficzne, wyjazdy studyjne. <\/p>\n\n\n\n<p>Grup\u0119 docelow\u0105 stanowi m\u0142odzie\u017c z terenu Miasta i Gminy Radziej\u00f3w i powiatu radziejowskiego<br>w wieku 6-18 lat. Celem projektu jest rozwijanie umiej\u0119tno\u015bci spo\u0142ecznych i obywatelskich, zw\u0142aszcza uczni\u00f3w i uczennic zagro\u017conych wypadni\u0119ciem z systemu szkolnego, poprzez utworzenie i wsparcie na rzecz tworzenia i funkcjonowania edukacyjnych klub\u00f3w m\u0142odzie\u017cowych. W ramach klub\u00f3w mo\u017cliwa jest realizacja r\u00f3\u017cnorodnego obszaru tematycznego, uwzgl\u0119dniaj\u0105cego zainteresowania, zdolno\u015bci, potrzeby oraz predyspozycje dzieci i m\u0142odzie\u017cy np. zaj\u0119cia filmowe, artystyczne, sportowe, nt. lokalnej to\u017csamo\u015bci i kultury realizacj\u0119 spotka\u0144, warsztat\u00f3w i wizyt studyjnych.<\/p>\n\n\n\n<p>Efekty i rezultaty projektu: <br>&#8211; Wzrost kompetencji spo\u0142ecznych, obywatelskich i kluczowych uczestnik\u00f3w projektu, w szczeg\u00f3lno\u015bci w zakresie pracy zespo\u0142owej, komunikacji i aktywno\u015bci spo\u0142ecznej.<br>&#8211; Rozw\u00f3j kompetencji artystycznych, kreatywnych i manualnych m\u0142odzie\u017cy poprzez udzia\u0142 w warsztatach ceramicznych, garncarskich, teatralno-filmowych oraz filmowo-fotograficznych.<br>&#8211; Podniesienie kompetencji technicznych i praktycznych, w tym umiej\u0119tno\u015bci obs\u0142ugi sprz\u0119tu oraz odpowiedzialnego i bezpiecznego korzystania z infrastruktury (zaj\u0119cia strzeleckie). <br>&#8211; Zwi\u0119kszenie motywacji do rozwoju osobistego i edukacyjnego oraz wzmocnienie poczucia w\u0142asnej warto\u015bci uczestnik\u00f3w.<br>&#8211; Integracja m\u0142odzie\u017cy i przeciwdzia\u0142anie wykluczeniu spo\u0142ecznemu poprzez zapewnienie dost\u0119pu do zorganizowanych, pozaszkolnych form aktywno\u015bci.<br>&#8211; Poszerzenie wiedzy i perspektyw edukacyjno-zawodowych uczestnik\u00f3w dzi\u0119ki realizacji wyjazd\u00f3w studyjnych. <br>&#8211; Zapewnienie r\u00f3wnego dost\u0119pu do oferty edukacyjno-rozwojowej dla m\u0142odzie\u017cy z r\u00f3\u017cnych \u015brodowisk.<\/p>\n\n\n\n<p>Projekt Grantowy LGD pn. \u201eKluby m\u0142odzie\u017cowe w Powiecie Radziejowskim\u201d jest wsp\u00f3\u0142finansowany z Europejskiego Funduszu Spo\u0142ecznego Plus w ramach Priorytetu 7 Fundusze Europejskie na rozw\u00f3j lokalny Dzia\u0142ania 07.02 Wsparcie dzieci i m\u0142odzie\u017cy poza edukacj\u0105 formaln\u0105 programu Fundusze Europejskie dla Kujaw i Pomorza 2021-2027.<\/p>\n\n\n\n<p><a href=\"https:\/\/www.facebook.com\/hashtag\/funduszeue?__cft__[0]=AZVTzPQGdmIIHpP-plf1i-tLNSTqz5egId1WmQN5ue5VWMAJoHTJHnHzNXMAqKFAsewvgxZcXF5OftKeOBV6NEPdbi3Z7Rxi9_IXUeQf4E_VyFTBDvuPcVkUWgjFT-sYlmCmzPteWkTOeoPMPDFwp5-jAxQTqsKzRzJB20izH1KDXCkICEt2jZepobOiQ3-ESlQ&amp;__tn__=*NK-R\">#FunduszeUE<\/a><a href=\"https:\/\/www.facebook.com\/hashtag\/funduszeeuropejskie?__cft__[0]=AZVTzPQGdmIIHpP-plf1i-tLNSTqz5egId1WmQN5ue5VWMAJoHTJHnHzNXMAqKFAsewvgxZcXF5OftKeOBV6NEPdbi3Z7Rxi9_IXUeQf4E_VyFTBDvuPcVkUWgjFT-sYlmCmzPteWkTOeoPMPDFwp5-jAxQTqsKzRzJB20izH1KDXCkICEt2jZepobOiQ3-ESlQ&amp;__tn__=*NK-R\">#FunduszeEuropejskie<\/a><\/p>\n\n\n\n<figure class=\"wp-block-image size-large\"><img loading=\"lazy\" decoding=\"async\" width=\"1024\" height=\"724\" src=\"http:\/\/www.radziejowskidomkultury.pl\/wp-content\/uploads\/2026\/02\/Radziejowski-Dom-Kultury\u2026\u2026\u2026-1-1024x724.jpg\" alt=\"\" class=\"wp-image-1743\" srcset=\"http:\/\/www.radziejowskidomkultury.pl\/wp-content\/uploads\/2026\/02\/Radziejowski-Dom-Kultury\u2026\u2026\u2026-1-1024x724.jpg 1024w, http:\/\/www.radziejowskidomkultury.pl\/wp-content\/uploads\/2026\/02\/Radziejowski-Dom-Kultury\u2026\u2026\u2026-1-300x212.jpg 300w, http:\/\/www.radziejowskidomkultury.pl\/wp-content\/uploads\/2026\/02\/Radziejowski-Dom-Kultury\u2026\u2026\u2026-1-768x543.jpg 768w, http:\/\/www.radziejowskidomkultury.pl\/wp-content\/uploads\/2026\/02\/Radziejowski-Dom-Kultury\u2026\u2026\u2026-1-1536x1086.jpg 1536w, http:\/\/www.radziejowskidomkultury.pl\/wp-content\/uploads\/2026\/02\/Radziejowski-Dom-Kultury\u2026\u2026\u2026-1-2048x1448.jpg 2048w\" sizes=\"auto, (max-width: 1024px) 100vw, 1024px\" \/><\/figure>\n\n\n\n<figure class=\"wp-block-image size-large\"><img loading=\"lazy\" decoding=\"async\" width=\"724\" height=\"1024\" src=\"http:\/\/www.radziejowskidomkultury.pl\/wp-content\/uploads\/2025\/07\/KREATYWNI-WYBITNI-724x1024.jpg\" alt=\"\" class=\"wp-image-1561\" srcset=\"http:\/\/www.radziejowskidomkultury.pl\/wp-content\/uploads\/2025\/07\/KREATYWNI-WYBITNI-724x1024.jpg 724w, http:\/\/www.radziejowskidomkultury.pl\/wp-content\/uploads\/2025\/07\/KREATYWNI-WYBITNI-212x300.jpg 212w, http:\/\/www.radziejowskidomkultury.pl\/wp-content\/uploads\/2025\/07\/KREATYWNI-WYBITNI-768x1086.jpg 768w, http:\/\/www.radziejowskidomkultury.pl\/wp-content\/uploads\/2025\/07\/KREATYWNI-WYBITNI-1086x1536.jpg 1086w, http:\/\/www.radziejowskidomkultury.pl\/wp-content\/uploads\/2025\/07\/KREATYWNI-WYBITNI-1448x2048.jpg 1448w, http:\/\/www.radziejowskidomkultury.pl\/wp-content\/uploads\/2025\/07\/KREATYWNI-WYBITNI.jpg 1587w\" sizes=\"auto, (max-width: 724px) 100vw, 724px\" \/><\/figure>\n\n\n\n<p><\/p>\n\n\n\n<figure class=\"wp-block-image size-large\"><img loading=\"lazy\" decoding=\"async\" width=\"1024\" height=\"724\" src=\"http:\/\/www.radziejowskidomkultury.pl\/wp-content\/uploads\/2025\/06\/Baner-Lwt-1024x724.jpg\" alt=\"\" class=\"wp-image-1546\" srcset=\"http:\/\/www.radziejowskidomkultury.pl\/wp-content\/uploads\/2025\/06\/Baner-Lwt-1024x724.jpg 1024w, http:\/\/www.radziejowskidomkultury.pl\/wp-content\/uploads\/2025\/06\/Baner-Lwt-300x212.jpg 300w, http:\/\/www.radziejowskidomkultury.pl\/wp-content\/uploads\/2025\/06\/Baner-Lwt-768x543.jpg 768w, http:\/\/www.radziejowskidomkultury.pl\/wp-content\/uploads\/2025\/06\/Baner-Lwt-1536x1086.jpg 1536w, http:\/\/www.radziejowskidomkultury.pl\/wp-content\/uploads\/2025\/06\/Baner-Lwt-2048x1448.jpg 2048w\" sizes=\"auto, (max-width: 1024px) 100vw, 1024px\" \/><\/figure>\n\n\n\n<p><\/p>\n\n\n\n<p><\/p>\n\n\n\n<p>&#8222;<strong>Dofinansowano ze \u015brodk\u00f3w Ministra Kultury i Dziedzictwa Narodowego pochodz\u0105cych z Funduszu Promocji Kultury \u2013 pa\u0144stwowego funduszu celowego\u201d.<\/strong><br><em>Zadanie polega na wykonaniu dokumentacji projektowej obejmuj\u0105cej zakres prac budowlano-instalacyjnych, a tak\u017ce polega na wykonaniu rob\u00f3t budowlanych zwi\u0105zanych z modernizacj\u0105 terenu wok\u00f3\u0142 budynku RDK: z boku budynku oraz z ty\u0142u budynku, w szczeg\u00f3lno\u015bci: przebudowa schod\u00f3w oraz przyleg\u0142ego placu z przeznaczeniem na budow\u0119 Plenerowej Sceny Letniej oraz wykonanie wielofunkcyjnego utwardzonego placu.<\/em><\/p>\n\n\n\n<figure class=\"wp-block-image size-large\"><img loading=\"lazy\" decoding=\"async\" width=\"724\" height=\"1024\" src=\"http:\/\/www.radziejowskidomkultury.pl\/wp-content\/uploads\/2025\/02\/1-1-724x1024.jpg\" alt=\"\" class=\"wp-image-1492\" srcset=\"http:\/\/www.radziejowskidomkultury.pl\/wp-content\/uploads\/2025\/02\/1-1-724x1024.jpg 724w, http:\/\/www.radziejowskidomkultury.pl\/wp-content\/uploads\/2025\/02\/1-1-212x300.jpg 212w, http:\/\/www.radziejowskidomkultury.pl\/wp-content\/uploads\/2025\/02\/1-1-768x1086.jpg 768w, http:\/\/www.radziejowskidomkultury.pl\/wp-content\/uploads\/2025\/02\/1-1-1086x1536.jpg 1086w, http:\/\/www.radziejowskidomkultury.pl\/wp-content\/uploads\/2025\/02\/1-1-1448x2048.jpg 1448w, http:\/\/www.radziejowskidomkultury.pl\/wp-content\/uploads\/2025\/02\/1-1.jpg 1587w\" sizes=\"auto, (max-width: 724px) 100vw, 724px\" \/><\/figure>\n\n\n\n<figure class=\"wp-block-image size-large\"><img loading=\"lazy\" decoding=\"async\" width=\"724\" height=\"1024\" src=\"http:\/\/www.radziejowskidomkultury.pl\/wp-content\/uploads\/2023\/05\/Plakat-Radziejowski-osrodek-ceramiczno-garncarski-724x1024.jpg\" alt=\"\" class=\"wp-image-955\" srcset=\"http:\/\/www.radziejowskidomkultury.pl\/wp-content\/uploads\/2023\/05\/Plakat-Radziejowski-osrodek-ceramiczno-garncarski-724x1024.jpg 724w, http:\/\/www.radziejowskidomkultury.pl\/wp-content\/uploads\/2023\/05\/Plakat-Radziejowski-osrodek-ceramiczno-garncarski-212x300.jpg 212w, http:\/\/www.radziejowskidomkultury.pl\/wp-content\/uploads\/2023\/05\/Plakat-Radziejowski-osrodek-ceramiczno-garncarski-768x1086.jpg 768w, http:\/\/www.radziejowskidomkultury.pl\/wp-content\/uploads\/2023\/05\/Plakat-Radziejowski-osrodek-ceramiczno-garncarski-1086x1536.jpg 1086w, http:\/\/www.radziejowskidomkultury.pl\/wp-content\/uploads\/2023\/05\/Plakat-Radziejowski-osrodek-ceramiczno-garncarski-1448x2048.jpg 1448w, http:\/\/www.radziejowskidomkultury.pl\/wp-content\/uploads\/2023\/05\/Plakat-Radziejowski-osrodek-ceramiczno-garncarski-scaled.jpg 1810w\" sizes=\"auto, (max-width: 724px) 100vw, 724px\" \/><\/figure>\n\n\n\n<figure class=\"wp-block-image size-large\"><img loading=\"lazy\" decoding=\"async\" width=\"724\" height=\"1024\" src=\"http:\/\/www.radziejowskidomkultury.pl\/wp-content\/uploads\/2023\/04\/342546000_224785876816070_8408090016556685304_n-724x1024.jpg\" alt=\"\" class=\"wp-image-923\" srcset=\"http:\/\/www.radziejowskidomkultury.pl\/wp-content\/uploads\/2023\/04\/342546000_224785876816070_8408090016556685304_n-724x1024.jpg 724w, http:\/\/www.radziejowskidomkultury.pl\/wp-content\/uploads\/2023\/04\/342546000_224785876816070_8408090016556685304_n-212x300.jpg 212w, http:\/\/www.radziejowskidomkultury.pl\/wp-content\/uploads\/2023\/04\/342546000_224785876816070_8408090016556685304_n-768x1086.jpg 768w, http:\/\/www.radziejowskidomkultury.pl\/wp-content\/uploads\/2023\/04\/342546000_224785876816070_8408090016556685304_n-1086x1536.jpg 1086w, http:\/\/www.radziejowskidomkultury.pl\/wp-content\/uploads\/2023\/04\/342546000_224785876816070_8408090016556685304_n.jpg 1448w\" sizes=\"auto, (max-width: 724px) 100vw, 724px\" \/><\/figure>\n\n\n\n<figure class=\"wp-block-image size-full\"><img loading=\"lazy\" decoding=\"async\" width=\"644\" height=\"909\" src=\"http:\/\/www.radziejowskidomkultury.pl\/wp-content\/uploads\/2022\/06\/plakat-1.jpg\" alt=\"\" class=\"wp-image-716\" srcset=\"http:\/\/www.radziejowskidomkultury.pl\/wp-content\/uploads\/2022\/06\/plakat-1.jpg 644w, http:\/\/www.radziejowskidomkultury.pl\/wp-content\/uploads\/2022\/06\/plakat-1-213x300.jpg 213w\" sizes=\"auto, (max-width: 644px) 100vw, 644px\" \/><\/figure>\n\n\n\n<p>Radziejowski Dom Kultury  realizuje poni\u017csze projekty finansowane ze \u015brodk\u00f3w Unii Europejskiej<\/p>\n\n\n\n<figure class=\"wp-block-image size-large is-resized\"><img loading=\"lazy\" decoding=\"async\" width=\"1024\" height=\"722\" src=\"http:\/\/www.radziejowskidomkultury.pl\/wp-content\/uploads\/2021\/08\/konwersja-cyfrowa-DK-1024x722.jpg\" alt=\"\" class=\"wp-image-505\" style=\"width:1179px;height:831px\" srcset=\"http:\/\/www.radziejowskidomkultury.pl\/wp-content\/uploads\/2021\/08\/konwersja-cyfrowa-DK-1024x722.jpg 1024w, http:\/\/www.radziejowskidomkultury.pl\/wp-content\/uploads\/2021\/08\/konwersja-cyfrowa-DK-300x211.jpg 300w, http:\/\/www.radziejowskidomkultury.pl\/wp-content\/uploads\/2021\/08\/konwersja-cyfrowa-DK-768x541.jpg 768w, http:\/\/www.radziejowskidomkultury.pl\/wp-content\/uploads\/2021\/08\/konwersja-cyfrowa-DK.jpg 1230w\" sizes=\"auto, (max-width: 1024px) 100vw, 1024px\" \/><\/figure>\n\n\n\n<p><\/p>\n\n\n\n<p><\/p>\n\n\n\n<figure class=\"wp-block-image size-large is-resized\"><img loading=\"lazy\" decoding=\"async\" width=\"1024\" height=\"722\" src=\"http:\/\/www.radziejowskidomkultury.pl\/wp-content\/uploads\/2021\/08\/sien-na-kulture-1024x722.jpg\" alt=\"\" class=\"wp-image-507\" style=\"width:1184px;height:835px\" srcset=\"http:\/\/www.radziejowskidomkultury.pl\/wp-content\/uploads\/2021\/08\/sien-na-kulture-1024x722.jpg 1024w, http:\/\/www.radziejowskidomkultury.pl\/wp-content\/uploads\/2021\/08\/sien-na-kulture-300x212.jpg 300w, http:\/\/www.radziejowskidomkultury.pl\/wp-content\/uploads\/2021\/08\/sien-na-kulture-768x542.jpg 768w, http:\/\/www.radziejowskidomkultury.pl\/wp-content\/uploads\/2021\/08\/sien-na-kulture.jpg 1231w\" sizes=\"auto, (max-width: 1024px) 100vw, 1024px\" \/><\/figure>\n\n\n\n<figure class=\"wp-block-image size-large\"><img loading=\"lazy\" decoding=\"async\" width=\"1024\" height=\"724\" src=\"http:\/\/www.radziejowskidomkultury.pl\/wp-content\/uploads\/2022\/06\/Radziejowski-Dom-Kultury-1024x724.jpg\" alt=\"\" class=\"wp-image-714\" srcset=\"http:\/\/www.radziejowskidomkultury.pl\/wp-content\/uploads\/2022\/06\/Radziejowski-Dom-Kultury-1024x724.jpg 1024w, http:\/\/www.radziejowskidomkultury.pl\/wp-content\/uploads\/2022\/06\/Radziejowski-Dom-Kultury-300x212.jpg 300w, http:\/\/www.radziejowskidomkultury.pl\/wp-content\/uploads\/2022\/06\/Radziejowski-Dom-Kultury-768x543.jpg 768w, http:\/\/www.radziejowskidomkultury.pl\/wp-content\/uploads\/2022\/06\/Radziejowski-Dom-Kultury-1536x1086.jpg 1536w, http:\/\/www.radziejowskidomkultury.pl\/wp-content\/uploads\/2022\/06\/Radziejowski-Dom-Kultury-2048x1448.jpg 2048w\" sizes=\"auto, (max-width: 1024px) 100vw, 1024px\" \/><\/figure>\n\n\n\n<p><\/p>\n\n\n\n<figure class=\"wp-block-image size-large is-resized\"><img loading=\"lazy\" decoding=\"async\" width=\"1024\" height=\"720\" src=\"http:\/\/www.radziejowskidomkultury.pl\/wp-content\/uploads\/2021\/08\/Kultura-2.0-1-1024x720.jpg\" alt=\"\" class=\"wp-image-508\" style=\"width:1190px;height:837px\" srcset=\"http:\/\/www.radziejowskidomkultury.pl\/wp-content\/uploads\/2021\/08\/Kultura-2.0-1-1024x720.jpg 1024w, http:\/\/www.radziejowskidomkultury.pl\/wp-content\/uploads\/2021\/08\/Kultura-2.0-1-300x211.jpg 300w, http:\/\/www.radziejowskidomkultury.pl\/wp-content\/uploads\/2021\/08\/Kultura-2.0-1-768x540.jpg 768w, http:\/\/www.radziejowskidomkultury.pl\/wp-content\/uploads\/2021\/08\/Kultura-2.0-1.jpg 1228w\" sizes=\"auto, (max-width: 1024px) 100vw, 1024px\" \/><\/figure>\n","protected":false},"excerpt":{"rendered":"<p>Radziejowski Dom Kultury realizuje projekt: Klub M\u0142odzie\u017cowy &#8222;Kreatywni &#8211; Wybitni&#8221; dofinansowany ze \u015brodk\u00f3w Funduszy Europejskich dla Kujaw i Pomorza 2021-2027 w terminie 01.06.2025 &#8211; 30.09.2026r Dofinansowanie projektu ze \u015brodk\u00f3w UE: 100 000 z\u0142. Ca\u0142kowity koszt projektu: 105 650 z\u0142. W<\/p>\n","protected":false},"author":2,"featured_media":0,"parent":0,"menu_order":0,"comment_status":"closed","ping_status":"closed","template":"","meta":{"footnotes":""},"class_list":["post-503","page","type-page","status-publish","hentry","gallery-content-unit"],"_links":{"self":[{"href":"http:\/\/www.radziejowskidomkultury.pl\/index.php\/wp-json\/wp\/v2\/pages\/503","targetHints":{"allow":["GET"]}}],"collection":[{"href":"http:\/\/www.radziejowskidomkultury.pl\/index.php\/wp-json\/wp\/v2\/pages"}],"about":[{"href":"http:\/\/www.radziejowskidomkultury.pl\/index.php\/wp-json\/wp\/v2\/types\/page"}],"author":[{"embeddable":true,"href":"http:\/\/www.radziejowskidomkultury.pl\/index.php\/wp-json\/wp\/v2\/users\/2"}],"replies":[{"embeddable":true,"href":"http:\/\/www.radziejowskidomkultury.pl\/index.php\/wp-json\/wp\/v2\/comments?post=503"}],"version-history":[{"count":19,"href":"http:\/\/www.radziejowskidomkultury.pl\/index.php\/wp-json\/wp\/v2\/pages\/503\/revisions"}],"predecessor-version":[{"id":1744,"href":"http:\/\/www.radziejowskidomkultury.pl\/index.php\/wp-json\/wp\/v2\/pages\/503\/revisions\/1744"}],"wp:attachment":[{"href":"http:\/\/www.radziejowskidomkultury.pl\/index.php\/wp-json\/wp\/v2\/media?parent=503"}],"curies":[{"name":"wp","href":"https:\/\/api.w.org\/{rel}","templated":true}]}}