{"id":238,"date":"2020-10-02T12:30:04","date_gmt":"2020-10-02T10:30:04","guid":{"rendered":"http:\/\/www.radziejowskidomkultury.pl\/?page_id=238"},"modified":"2025-09-09T14:38:33","modified_gmt":"2025-09-09T12:38:33","slug":"klub-gier-planszowych","status":"publish","type":"page","link":"http:\/\/www.radziejowskidomkultury.pl\/index.php\/sekcje\/klub-gier-planszowych\/","title":{"rendered":"JOGA"},"content":{"rendered":"\n<p>Zapraszamy na zaj\u0119cia z JOGI dla doros\u0142ych.<\/p>\n\n\n\n<p>Joga to \u0107wiczenia wyciszaj\u0105ce, relaksuj\u0105ce, wzmacniaj\u0105ce i rozci\u0105gaj\u0105ce cia\u0142o oraz zmniejszaj\u0105ce stres. Zabierzcie ze sob\u0105 karimat\u0119 oraz wygodny str\u00f3j. Przyjd\u017acie i sprawd\u017acie jak wspaniale jest \u0107wiczy\u0107.<\/p>\n\n\n\n<p>Szczeg\u00f3\u0142y na plakacie poni\u017cej<\/p>\n\n\n\n<figure class=\"wp-block-image size-large\"><img loading=\"lazy\" decoding=\"async\" width=\"724\" height=\"1024\" src=\"http:\/\/www.radziejowskidomkultury.pl\/wp-content\/uploads\/2025\/09\/Joga-724x1024.png\" alt=\"\" class=\"wp-image-1603\" srcset=\"http:\/\/www.radziejowskidomkultury.pl\/wp-content\/uploads\/2025\/09\/Joga-724x1024.png 724w, http:\/\/www.radziejowskidomkultury.pl\/wp-content\/uploads\/2025\/09\/Joga-212x300.png 212w, http:\/\/www.radziejowskidomkultury.pl\/wp-content\/uploads\/2025\/09\/Joga-768x1086.png 768w, http:\/\/www.radziejowskidomkultury.pl\/wp-content\/uploads\/2025\/09\/Joga-1086x1536.png 1086w, http:\/\/www.radziejowskidomkultury.pl\/wp-content\/uploads\/2025\/09\/Joga-1448x2048.png 1448w, http:\/\/www.radziejowskidomkultury.pl\/wp-content\/uploads\/2025\/09\/Joga.png 1587w\" sizes=\"auto, (max-width: 724px) 100vw, 724px\" \/><\/figure>\n","protected":false},"excerpt":{"rendered":"<p>Zapraszamy na zaj\u0119cia z JOGI dla doros\u0142ych. Joga to \u0107wiczenia wyciszaj\u0105ce, relaksuj\u0105ce, wzmacniaj\u0105ce i rozci\u0105gaj\u0105ce cia\u0142o oraz zmniejszaj\u0105ce stres. Zabierzcie ze sob\u0105 karimat\u0119 oraz wygodny str\u00f3j. Przyjd\u017acie i sprawd\u017acie jak wspaniale jest \u0107wiczy\u0107. Szczeg\u00f3\u0142y na plakacie poni\u017cej<\/p>\n","protected":false},"author":2,"featured_media":0,"parent":35,"menu_order":0,"comment_status":"closed","ping_status":"closed","template":"","meta":{"footnotes":""},"class_list":["post-238","page","type-page","status-publish","hentry","gallery-content-unit"],"_links":{"self":[{"href":"http:\/\/www.radziejowskidomkultury.pl\/index.php\/wp-json\/wp\/v2\/pages\/238","targetHints":{"allow":["GET"]}}],"collection":[{"href":"http:\/\/www.radziejowskidomkultury.pl\/index.php\/wp-json\/wp\/v2\/pages"}],"about":[{"href":"http:\/\/www.radziejowskidomkultury.pl\/index.php\/wp-json\/wp\/v2\/types\/page"}],"author":[{"embeddable":true,"href":"http:\/\/www.radziejowskidomkultury.pl\/index.php\/wp-json\/wp\/v2\/users\/2"}],"replies":[{"embeddable":true,"href":"http:\/\/www.radziejowskidomkultury.pl\/index.php\/wp-json\/wp\/v2\/comments?post=238"}],"version-history":[{"count":5,"href":"http:\/\/www.radziejowskidomkultury.pl\/index.php\/wp-json\/wp\/v2\/pages\/238\/revisions"}],"predecessor-version":[{"id":1604,"href":"http:\/\/www.radziejowskidomkultury.pl\/index.php\/wp-json\/wp\/v2\/pages\/238\/revisions\/1604"}],"up":[{"embeddable":true,"href":"http:\/\/www.radziejowskidomkultury.pl\/index.php\/wp-json\/wp\/v2\/pages\/35"}],"wp:attachment":[{"href":"http:\/\/www.radziejowskidomkultury.pl\/index.php\/wp-json\/wp\/v2\/media?parent=238"}],"curies":[{"name":"wp","href":"https:\/\/api.w.org\/{rel}","templated":true}]}}