{"id":1587,"date":"2025-08-26T13:29:07","date_gmt":"2025-08-26T11:29:07","guid":{"rendered":"http:\/\/www.radziejowskidomkultury.pl\/?page_id=1587"},"modified":"2025-08-26T14:19:25","modified_gmt":"2025-08-26T12:19:25","slug":"zespol-muzyczny-zzr","status":"publish","type":"page","link":"http:\/\/www.radziejowskidomkultury.pl\/index.php\/sekcje\/zespol-muzyczny-zzr\/","title":{"rendered":"Zesp\u00f3\u0142 muzyczny ZzR"},"content":{"rendered":"\n<p>4 pasjonat\u00f3w muzyki, ambitni i muzykalni. Sw\u00f3j debiut sceniczny mieli w 2024 roku i od tamtego czasu zdobywaj\u0105 szlify koncertowo &#8211; muzyczne. Sk\u0142ad to:: Wojtek Kuczek &#8211; \u015bpiew, Hubert Czajka &#8211; gitara, Maciej Czynsz &#8211; gitara, Nikodem Wola\u0144ski &#8211; bas, Marcin Dolata &#8211; pianino, Bartosz Polaszek &#8211; perkusja.<\/p>\n\n\n\n<figure class=\"wp-block-image size-large\"><img loading=\"lazy\" decoding=\"async\" width=\"1024\" height=\"354\" src=\"http:\/\/www.radziejowskidomkultury.pl\/wp-content\/uploads\/2025\/08\/zzr-1024x354.jpg\" alt=\"\" class=\"wp-image-1591\" srcset=\"http:\/\/www.radziejowskidomkultury.pl\/wp-content\/uploads\/2025\/08\/zzr-1024x354.jpg 1024w, http:\/\/www.radziejowskidomkultury.pl\/wp-content\/uploads\/2025\/08\/zzr-300x104.jpg 300w, http:\/\/www.radziejowskidomkultury.pl\/wp-content\/uploads\/2025\/08\/zzr-768x266.jpg 768w, http:\/\/www.radziejowskidomkultury.pl\/wp-content\/uploads\/2025\/08\/zzr-1536x531.jpg 1536w, http:\/\/www.radziejowskidomkultury.pl\/wp-content\/uploads\/2025\/08\/zzr.jpg 2029w\" sizes=\"auto, (max-width: 1024px) 100vw, 1024px\" \/><\/figure>\n","protected":false},"excerpt":{"rendered":"<p>4 pasjonat\u00f3w muzyki, ambitni i muzykalni. Sw\u00f3j debiut sceniczny mieli w 2024 roku i od tamtego czasu zdobywaj\u0105 szlify koncertowo &#8211; muzyczne. Sk\u0142ad to:: Wojtek Kuczek &#8211; \u015bpiew, Hubert Czajka &#8211; gitara, Maciej Czynsz &#8211; gitara, Nikodem Wola\u0144ski &#8211; bas,<\/p>\n","protected":false},"author":2,"featured_media":0,"parent":35,"menu_order":0,"comment_status":"closed","ping_status":"closed","template":"","meta":{"footnotes":""},"class_list":["post-1587","page","type-page","status-publish","hentry","gallery-content-unit"],"_links":{"self":[{"href":"http:\/\/www.radziejowskidomkultury.pl\/index.php\/wp-json\/wp\/v2\/pages\/1587","targetHints":{"allow":["GET"]}}],"collection":[{"href":"http:\/\/www.radziejowskidomkultury.pl\/index.php\/wp-json\/wp\/v2\/pages"}],"about":[{"href":"http:\/\/www.radziejowskidomkultury.pl\/index.php\/wp-json\/wp\/v2\/types\/page"}],"author":[{"embeddable":true,"href":"http:\/\/www.radziejowskidomkultury.pl\/index.php\/wp-json\/wp\/v2\/users\/2"}],"replies":[{"embeddable":true,"href":"http:\/\/www.radziejowskidomkultury.pl\/index.php\/wp-json\/wp\/v2\/comments?post=1587"}],"version-history":[{"count":3,"href":"http:\/\/www.radziejowskidomkultury.pl\/index.php\/wp-json\/wp\/v2\/pages\/1587\/revisions"}],"predecessor-version":[{"id":1593,"href":"http:\/\/www.radziejowskidomkultury.pl\/index.php\/wp-json\/wp\/v2\/pages\/1587\/revisions\/1593"}],"up":[{"embeddable":true,"href":"http:\/\/www.radziejowskidomkultury.pl\/index.php\/wp-json\/wp\/v2\/pages\/35"}],"wp:attachment":[{"href":"http:\/\/www.radziejowskidomkultury.pl\/index.php\/wp-json\/wp\/v2\/media?parent=1587"}],"curies":[{"name":"wp","href":"https:\/\/api.w.org\/{rel}","templated":true}]}}